{"id":508,"date":"2018-04-25T11:31:45","date_gmt":"2018-04-25T11:31:45","guid":{"rendered":"https:\/\/botigueta.cat\/osteopatiaolesa\/gemma-gasulla-lopez\/"},"modified":"2020-10-27T11:58:49","modified_gmt":"2020-10-27T11:58:49","slug":"gemma-gasulla-lopez","status":"publish","type":"page","link":"https:\/\/www.osteopatiaolesa.com\/es\/gemma-gasulla-lopez\/","title":{"rendered":"Gemma Gasulla L\u00f3pez"},"content":{"rendered":"<p>[et_pb_section fb_built=\u00bb1&#8243; admin_label=\u00bbHero\u00bb _builder_version=\u00bb3.0.101&#8243; background_blend=\u00bbmultiply\u00bb custom_margin=\u00bb0px||0px|\u00bb custom_padding=\u00bb0px||0px|\u00bb animation_style=\u00bbzoom\u00bb animation_intensity_zoom=\u00bb4%\u00bb][et_pb_row custom_padding=\u00bb0px||0px|\u00bb custom_margin=\u00bb15px||0px|\u00bb bg_img_2=\u00bbhttps:\/\/www.osteopatiaolesa.com\/wp-content\/uploads\/2018\/04\/business-13.jpg\u00bb parallax_2=\u00bbon\u00bb _builder_version=\u00bb3.0.101&#8243; background_size=\u00bbinitial\u00bb background_position=\u00bbtop_left\u00bb background_repeat=\u00bbrepeat\u00bb background_blend=\u00bbmultiply\u00bb animation_style=\u00bbslide\u00bb animation_direction=\u00bbtop\u00bb animation_intensity_slide=\u00bb3%\u00bb][et_pb_column type=\u00bb4_4&#8243; _builder_version=\u00bb3.0.47&#8243; parallax=\u00bboff\u00bb parallax_method=\u00bbon\u00bb][et_pb_text _builder_version=\u00bb3.0.101&#8243; header_font=\u00bbMontserrat|700||on|||||dotted\u00bb header_font_size=\u00bb33px\u00bb header_font_size_last_edited=\u00bboff|desktop\u00bb header_text_color=\u00bb#bcbd00&#8243; header_line_height=\u00bb1.3em\u00bb background_size=\u00bbinitial\u00bb background_position=\u00bbtop_left\u00bb background_repeat=\u00bbrepeat\u00bb custom_margin=\u00bb||0px|\u00bb custom_padding=\u00bb||0px|\u00bb animation_style=\u00bbfade\u00bb locked=\u00bboff\u00bb]<\/p>\n<h1>Gemma Gasulla L\u00f3pez<\/h1>\n<p>[\/et_pb_text][et_pb_divider color=\u00bb#bcbd00&#8243; show_divider=\u00bbon\u00bb divider_weight=\u00bb6px\u00bb height=\u00bb10px\u00bb disabled_on=\u00bbon|on|off%22&#8243; _builder_version=\u00bb3.0.101&#8243; max_width=\u00bb10%\u00bb custom_margin=\u00bb0px|||\u00bb custom_padding=\u00bb0px|||\u00bb animation_style=\u00bbslide\u00bb animation_direction=\u00bbtop\u00bb animation_intensity_slide=\u00bb30%\u00bb][\/et_pb_divider][\/et_pb_column][\/et_pb_row][\/et_pb_section][et_pb_section fb_built=\u00bb1&#8243; admin_label=\u00bbAbout\u00bb _builder_version=\u00bb3.0.101&#8243; custom_margin=\u00bb0px|||\u00bb custom_padding=\u00bb0px|0px||0px\u00bb][et_pb_row custom_margin=\u00bb|||\u00bb padding_top_3=\u00bb6%\u00bb _builder_version=\u00bb3.0.100&#8243;][et_pb_column type=\u00bb1_2&#8243; _builder_version=\u00bb3.0.47&#8243; parallax=\u00bboff\u00bb parallax_method=\u00bbon\u00bb][et_pb_image src=\u00bbhttps:\/\/www.osteopatiaolesa.com\/wp-content\/uploads\/2018\/04\/gemma-gasulla.jpg\u00bb force_fullwidth=\u00bbon\u00bb _builder_version=\u00bb3.0.101&#8243; border_radii=\u00bbon|8px|8px|8px|8px\u00bb animation_style=\u00bbfade\u00bb][\/et_pb_image][\/et_pb_column][et_pb_column type=\u00bb1_2&#8243; _builder_version=\u00bb3.0.47&#8243; parallax=\u00bboff\u00bb parallax_method=\u00bbon\u00bb][et_pb_text _builder_version=\u00bb3.0.101&#8243; text_font=\u00bb|300|||||||\u00bb]<\/p>\n<h2>Curr\u00edculum Vitae<\/h2>\n<p class=\"p1\"><strong>Diplomada en Fisioterapia<\/strong>:<b> <\/b>E. U. Gimbernat (Universidad Aut\u00f3noma de Barcelona). 1994-97<br \/> <strong>Oste\u00f3pata<\/strong>: Escuela del Concepto Osteop\u00e1tico. 1999-2005<br \/> <strong>Gerente de Osteolesa<\/strong> desde 2001<\/p>\n<p><b>M\u00c1STER<\/b><\/p>\n<ul>\n<li class=\"p1\">M\u00e1ster en disecci\u00f3n anat\u00f3mica: 2010-12. Universidad de Barcelona. 2010-12<\/li>\n<\/ul>\n<p class=\"p2\"><b>POSGRADOS<\/b><\/p>\n<ul>\n<li class=\"p1\"><strong>Specific Adjusting Technique<\/strong>: Philippe Brousseau. 2006-2007<\/li>\n<li class=\"p1\"><strong>Specific Adjusting Technique, nivel I (SAT)<\/strong>: Gez Lamb. 2007<\/li>\n<li class=\"p1\"><strong>Obstetricia<\/strong>: Claudine Argeron Marque. E.C.O. 2007<\/li>\n<li class=\"p1\"><strong>Ginecolog\u00eda nivel I-IV<\/strong>: Christine Michael. E.C.O. 2007-2012<\/li>\n<li class=\"p1\"><strong>Ginecolog\u00eda<\/strong>: Claudine Argeron Marque. E.C.O. 2008<\/li>\n<li class=\"p1\"><strong>Beb\u00e9 I y Beb\u00e9 II<\/strong>: Claudine Argeron Marque. E.C.O. 2008<\/li>\n<li class=\"p1\"><strong>Enfoque osteop\u00e1tico en el \u00e1rea uroginecol\u00f3gica<\/strong>: Renzo Molina. E.O.B. 2009<\/li>\n<li class=\"p1\"><strong>Visceral<\/strong>: Jean Pierre Barral.<span class=\"Apple-converted-space\">\u00a0 <\/span>2009<\/li>\n<li class=\"p1\"><strong>Curso de Posturolog\u00eda y Rehabilitaci\u00f3n vestibular<\/strong>: Jean Gabriel Mondi . 2009<\/li>\n<li class=\"p1\"><strong>Body Adjustment<\/strong>: Mervyn Waldman. 2010<\/li>\n<li class=\"p1\"><strong>Manipulaciones estructurales del tejido conjuntivo<\/strong>: Jean-Fran\u00e7ois Terramorsi. GEPRO. 2012-13<\/li>\n<li class=\"p1\"><strong>Consideraciones osteop\u00e1ticas en condiciones sist\u00e9micas<\/strong>: Dr. Michael L. Kuchera. Universidad de Murcia. 2013<\/li>\n<li class=\"p1\"><strong>Osteopat\u00eda para el beb\u00e9<\/strong>: Gilles Boudehen. 2013<\/li>\n<li class=\"p1\"><strong>Osteopat\u00eda y ortodoncia<\/strong>: Gilles Boudehen.<span class=\"Apple-converted-space\">\u00a0 <\/span>2014<\/li>\n<li class=\"p1\"><strong>Rehabilitaci\u00f3n vestibular<\/strong>: Sergi Lucas. 2015<\/li>\n<li class=\"p1\"><strong>Reeducaci\u00f3n de la escucha<\/strong>: Marta Fransoy.<span class=\"Apple-converted-space\">\u00a0 <\/span>Colegio Oficial de Opticos<span class=\"Apple-converted-space\">\u00a0 <\/span>y Optometristas de Catalu\u00f1a. 2018<\/li>\n<li class=\"p1\"><strong>Curso de especializaci\u00f3n en oclusi\u00f3n y postura:<\/strong> Stefano Colasanto. Advanved Osteopathy. 2018<\/li>\n<li class=\"p1\"><strong>Practitioner en programaci\u00f3n Neuro-ling\u00fc\u00edstica (PNL):<\/strong> Institud Gestalt. 2018-19<\/li>\n<li class=\"p1\"><strong>Ortodoncia miofuncional:<\/strong> Myofunctional Research Co. 2019<\/li>\n<li class=\"p1\"><strong>Enfoque Osteop\u00e1tico de beb\u00e9s con frenillo lingual y\/o reflujo gastroesof\u00e1gico:<\/strong> Didde Thorsted. Advanced Osteopathy. 2020<\/li>\n<\/ul>\n<p class=\"p1\"><b>OTROS<\/b><\/p>\n<ul>\n<li class=\"p1\"><strong>XXXVIII curso de especializaci\u00f3n en enfermedades reum\u00e1ticas<span class=\"Apple-converted-space\">\u00a0 <\/span>y rehabilitaci\u00f3n<span class=\"Apple-converted-space\">\u00a0 <\/span>reumatol\u00f3gica<\/strong>.<span class=\"Apple-converted-space\">\u00a0 <\/span>1996<\/li>\n<li class=\"p1\"><strong>Podolog\u00eda en el deporte<\/strong>. CAR (centro de alto rendimiento de Sant Cugat del Vall\u00e9s). 1997<\/li>\n<li class=\"p1\"><strong>Cures Paliativas<\/strong>: Institud Poal de reumatolog\u00eda. 1997<\/li>\n<li class=\"p1\"><strong>Membre del comit\u00e9 organizador de la 1\u00aa Jornada sociosanitaria de enfermeria<span class=\"Apple-converted-space\">\u00a0 <\/span>y<span class=\"Apple-converted-space\">\u00a0 <\/span>fisioterapia<\/strong>. 2001<\/li>\n<\/ul>\n<p>[\/et_pb_text][et_pb_button button_url=\u00bbhttps:\/\/www.osteopatiaolesa.com\/es\/nosotros\/\u00bb button_text=\u00bbVolver a nosotros\u00bb button_alignment=\u00bbleft\u00bb background_layout=\u00bbdark\u00bb _builder_version=\u00bb3.0.101&#8243; custom_margin=\u00bb|||\u00bb custom_padding=\u00bb12px|36px|12px|36px\u00bb custom_button=\u00bbon\u00bb button_text_size=\u00bb14&#8243; button_text_color=\u00bb#bcbd00&#8243; button_border_width=\u00bb2px\u00bb button_border_color=\u00bb#bcbd00&#8243; button_border_radius=\u00bb100px\u00bb button_font=\u00bbPoppins|600||on|||||\u00bb button_use_icon=\u00bboff\u00bb saved_tabs=\u00bball\u00bb][\/et_pb_button][\/et_pb_column][\/et_pb_row][\/et_pb_section]<\/p>\n","protected":false},"excerpt":{"rendered":"<p>Gemma Gasulla L\u00f3pez Curr\u00edculum Vitae Diplomada en Fisioterapia: E. U. Gimbernat (Universidad Aut\u00f3noma de Barcelona). 1994-97 Oste\u00f3pata: Escuela del Concepto Osteop\u00e1tico. 1999-2005 Gerente de Osteolesa desde 2001 M\u00c1STER M\u00e1ster en disecci\u00f3n anat\u00f3mica: 2010-12. Universidad de Barcelona. 2010-12 POSGRADOS Specific Adjusting Technique: Philippe Brousseau. 2006-2007 Specific Adjusting Technique, nivel I (SAT): Gez Lamb. 2007 Obstetricia: Claudine [&hellip;]<\/p>\n","protected":false},"author":1,"featured_media":0,"parent":0,"menu_order":0,"comment_status":"closed","ping_status":"closed","template":"","meta":{"_et_pb_use_builder":"on","_et_pb_old_content":"","_et_gb_content_width":""},"_links":{"self":[{"href":"https:\/\/www.osteopatiaolesa.com\/es\/wp-json\/wp\/v2\/pages\/508"}],"collection":[{"href":"https:\/\/www.osteopatiaolesa.com\/es\/wp-json\/wp\/v2\/pages"}],"about":[{"href":"https:\/\/www.osteopatiaolesa.com\/es\/wp-json\/wp\/v2\/types\/page"}],"author":[{"embeddable":true,"href":"https:\/\/www.osteopatiaolesa.com\/es\/wp-json\/wp\/v2\/users\/1"}],"replies":[{"embeddable":true,"href":"https:\/\/www.osteopatiaolesa.com\/es\/wp-json\/wp\/v2\/comments?post=508"}],"version-history":[{"count":7,"href":"https:\/\/www.osteopatiaolesa.com\/es\/wp-json\/wp\/v2\/pages\/508\/revisions"}],"predecessor-version":[{"id":716,"href":"https:\/\/www.osteopatiaolesa.com\/es\/wp-json\/wp\/v2\/pages\/508\/revisions\/716"}],"wp:attachment":[{"href":"https:\/\/www.osteopatiaolesa.com\/es\/wp-json\/wp\/v2\/media?parent=508"}],"curies":[{"name":"wp","href":"https:\/\/api.w.org\/{rel}","templated":true}]}}