{"id":514,"date":"2018-04-25T11:51:11","date_gmt":"2018-04-25T11:51:11","guid":{"rendered":"https:\/\/botigueta.cat\/osteopatiaolesa\/blanca-rosa-fernandez\/"},"modified":"2020-10-27T12:40:37","modified_gmt":"2020-10-27T12:40:37","slug":"blanca-rosa-fernandez","status":"publish","type":"page","link":"https:\/\/www.osteopatiaolesa.com\/es\/blanca-rosa-fernandez\/","title":{"rendered":"Blanca Rosa Fern\u00e1ndez"},"content":{"rendered":"<p>[et_pb_section fb_built=\u00bb1&#8243; admin_label=\u00bbHero\u00bb _builder_version=\u00bb3.0.101&#8243; background_blend=\u00bbmultiply\u00bb custom_margin=\u00bb0px||0px|\u00bb custom_padding=\u00bb0px||0px|\u00bb animation_style=\u00bbzoom\u00bb animation_intensity_zoom=\u00bb4%\u00bb][et_pb_row custom_padding=\u00bb0px||0px|\u00bb custom_margin=\u00bb15px||0px|\u00bb bg_img_2=\u00bbhttps:\/\/www.osteopatiaolesa.com\/wp-content\/uploads\/2018\/04\/business-13.jpg\u00bb parallax_2=\u00bbon\u00bb _builder_version=\u00bb3.0.101&#8243; background_size=\u00bbinitial\u00bb background_position=\u00bbtop_left\u00bb background_repeat=\u00bbrepeat\u00bb background_blend=\u00bbmultiply\u00bb animation_style=\u00bbslide\u00bb animation_direction=\u00bbtop\u00bb animation_intensity_slide=\u00bb3%\u00bb][et_pb_column type=\u00bb4_4&#8243; _builder_version=\u00bb3.0.47&#8243; parallax=\u00bboff\u00bb parallax_method=\u00bbon\u00bb][et_pb_text _builder_version=\u00bb3.0.101&#8243; header_font=\u00bbMontserrat|700||on|||||dotted\u00bb header_font_size=\u00bb33px\u00bb header_font_size_last_edited=\u00bboff|desktop\u00bb header_text_color=\u00bb#bcbd00&#8243; header_line_height=\u00bb1.3em\u00bb background_size=\u00bbinitial\u00bb background_position=\u00bbtop_left\u00bb background_repeat=\u00bbrepeat\u00bb custom_margin=\u00bb||0px|\u00bb custom_padding=\u00bb||0px|\u00bb animation_style=\u00bbfade\u00bb locked=\u00bboff\u00bb]<\/p>\n<h1>Blanca Rosa Fern\u00e1ndez<\/h1>\n<p>[\/et_pb_text][et_pb_divider color=\u00bb#bcbd00&#8243; show_divider=\u00bbon\u00bb divider_weight=\u00bb6px\u00bb height=\u00bb10px\u00bb disabled_on=\u00bbon|on|off%22&#8243; _builder_version=\u00bb3.0.101&#8243; max_width=\u00bb10%\u00bb custom_margin=\u00bb0px|||\u00bb custom_padding=\u00bb0px|||\u00bb animation_style=\u00bbslide\u00bb animation_direction=\u00bbtop\u00bb animation_intensity_slide=\u00bb30%\u00bb][\/et_pb_divider][\/et_pb_column][\/et_pb_row][\/et_pb_section][et_pb_section fb_built=\u00bb1&#8243; admin_label=\u00bbAbout\u00bb _builder_version=\u00bb3.0.101&#8243; custom_margin=\u00bb0px|||\u00bb custom_padding=\u00bb0px|0px||0px\u00bb][et_pb_row custom_margin=\u00bb|||\u00bb padding_top_3=\u00bb6%\u00bb _builder_version=\u00bb3.0.100&#8243;][et_pb_column type=\u00bb1_2&#8243; _builder_version=\u00bb3.0.47&#8243; parallax=\u00bboff\u00bb parallax_method=\u00bbon\u00bb][et_pb_image src=\u00bbhttps:\/\/www.osteopatiaolesa.com\/wp-content\/uploads\/2018\/04\/Blanca-Rosa-Fernandez.jpg\u00bb force_fullwidth=\u00bbon\u00bb _builder_version=\u00bb3.0.101&#8243; border_radii=\u00bbon|8px|8px|8px|8px\u00bb animation_style=\u00bbfade\u00bb][\/et_pb_image][\/et_pb_column][et_pb_column type=\u00bb1_2&#8243; _builder_version=\u00bb3.0.47&#8243; parallax=\u00bboff\u00bb parallax_method=\u00bbon\u00bb][et_pb_text _builder_version=\u00bb3.0.101&#8243; text_font=\u00bb|300|||||||\u00bb]<\/p>\n<h2>Curr\u00edculum Vitae<\/h2>\n<p class=\"p1\"><strong>Diplomada en Fisioterapia<\/strong>: Fundaci\u00f3 Universit\u00e0ria del Bages (Universitat Aut\u00f2noma de Barcelona). 2008-2011<br \/> <strong>M\u00e1ster de Osteopatia<\/strong>: Escola d\u2019Osteopatia de Barcelona (Universitat Pompeu Fabra) vinculada con la EuropeanSchool of Osteopathy . 2012-2016<br \/> <strong>Oste\u00f3pata en Osteolesa<\/strong> desde 2016<\/p>\n<p class=\"p1\"><b>POSGRADOS<\/b><\/p>\n<ul>\n<li class=\"p1\"><strong>Prevenci\u00f3n y tratamiento de las disfunciones del suelo p\u00e9lvico<\/strong>: Instituto de Terapias Neuromusculares.<span class=\"Apple-converted-space\">\u00a0 <\/span>2013<\/li>\n<li class=\"p1\"><strong>Fisioterapia en el c\u00f3lico del lactante<\/strong>: Raquel Chill\u00f3n.2015<\/li>\n<li class=\"p1\"><strong>Obstetricia y Ginecolog\u00eda<\/strong>: la osteopat\u00eda al servicio de la maternidad: Genevieve Kermorgant E.O.B. 2017<\/li>\n<li class=\"p1\"><strong>Specific Adjusting Technique<\/strong>: Joan Parera. 2017-2018<\/li>\n<li class=\"p1\"><strong>Beb\u00e9 I<\/strong>: Osteopat\u00eda pedi\u00e1trica. Antes y despu\u00e9s del nacimiento. El bebe hasta los 12 meses. Claudine AgeronMarque. E.C.O. 2018<\/li>\n<li class=\"p1\"><strong>Beb\u00e9 II<\/strong>: Osteopat\u00eda pedi\u00e1trica: tratar al bebe y al ni\u00f1o de m\u00e1s de un a\u00f1o. Claudine Argeron. Marque E.C. O. 2018<\/li>\n<li class=\"p1\"><strong>Reeducaci\u00f3n de la escucha<\/strong>. Marta Fransoy. Colegio Oficial de \u00d3pticos y Optometristas de Catalu\u00f1a. 2018<\/li>\n<li class=\"p1\">Curso de<strong> especializaci\u00f3n en oclusi\u00f3n y postura<\/strong>: Stefano Colasanto. Advanved Osteopathy. 2018<\/li>\n<li class=\"p1\"><strong>Ortodoncia miofuncional:<\/strong> Myofunctional Research Co. 2019<\/li>\n<li class=\"p1\"><strong>Osteopat\u00eda Neuro Endocrino en Ginecolog\u00eda:<\/strong> Claudine Ageron Marque. Escuela del concepto Osteop\u00e1tico. 2020<\/li>\n<li class=\"p1\"><strong>T\u00e9cnicas Espec\u00edficas Osteop\u00e1ticas seg\u00fan Alain Gehin<\/strong>. Postgrados Osteopat\u00eda Barcelona. 2020<\/li>\n<\/ul>\n<p class=\"p1\"><b>OTROS<\/b><\/p>\n<ul>\n<li class=\"p1\"><strong>Vendaje Neuromuscular Kinesiotape<\/strong><\/li>\n<li class=\"p1\"><strong>Drenaje Linf\u00e1tico Manual en pacientes Oncol\u00f3gicos<\/strong>.<\/li>\n<\/ul>\n<p>[\/et_pb_text][et_pb_button button_url=\u00bbhttps:\/\/www.osteopatiaolesa.com\/es\/nosotros\/\u00bb button_text=\u00bbVolver a nosotros\u00bb button_alignment=\u00bbleft\u00bb background_layout=\u00bbdark\u00bb _builder_version=\u00bb3.0.101&#8243; custom_margin=\u00bb|||\u00bb custom_padding=\u00bb12px|36px|12px|36px\u00bb custom_button=\u00bbon\u00bb button_text_size=\u00bb14&#8243; button_text_color=\u00bb#bcbd00&#8243; button_border_width=\u00bb2px\u00bb button_border_color=\u00bb#bcbd00&#8243; button_border_radius=\u00bb100px\u00bb button_font=\u00bbPoppins|600||on|||||\u00bb button_use_icon=\u00bboff\u00bb saved_tabs=\u00bball\u00bb][\/et_pb_button][\/et_pb_column][\/et_pb_row][\/et_pb_section]<\/p>\n","protected":false},"excerpt":{"rendered":"<p>Blanca Rosa Fern\u00e1ndez Curr\u00edculum Vitae Diplomada en Fisioterapia: Fundaci\u00f3 Universit\u00e0ria del Bages (Universitat Aut\u00f2noma de Barcelona). 2008-2011 M\u00e1ster de Osteopatia: Escola d\u2019Osteopatia de Barcelona (Universitat Pompeu Fabra) vinculada con la EuropeanSchool of Osteopathy . 2012-2016 Oste\u00f3pata en Osteolesa desde 2016 POSGRADOS Prevenci\u00f3n y tratamiento de las disfunciones del suelo p\u00e9lvico: Instituto de Terapias Neuromusculares.\u00a0 2013 [&hellip;]<\/p>\n","protected":false},"author":1,"featured_media":0,"parent":0,"menu_order":0,"comment_status":"closed","ping_status":"closed","template":"","meta":{"_et_pb_use_builder":"on","_et_pb_old_content":"","_et_gb_content_width":""},"_links":{"self":[{"href":"https:\/\/www.osteopatiaolesa.com\/es\/wp-json\/wp\/v2\/pages\/514"}],"collection":[{"href":"https:\/\/www.osteopatiaolesa.com\/es\/wp-json\/wp\/v2\/pages"}],"about":[{"href":"https:\/\/www.osteopatiaolesa.com\/es\/wp-json\/wp\/v2\/types\/page"}],"author":[{"embeddable":true,"href":"https:\/\/www.osteopatiaolesa.com\/es\/wp-json\/wp\/v2\/users\/1"}],"replies":[{"embeddable":true,"href":"https:\/\/www.osteopatiaolesa.com\/es\/wp-json\/wp\/v2\/comments?post=514"}],"version-history":[{"count":8,"href":"https:\/\/www.osteopatiaolesa.com\/es\/wp-json\/wp\/v2\/pages\/514\/revisions"}],"predecessor-version":[{"id":720,"href":"https:\/\/www.osteopatiaolesa.com\/es\/wp-json\/wp\/v2\/pages\/514\/revisions\/720"}],"wp:attachment":[{"href":"https:\/\/www.osteopatiaolesa.com\/es\/wp-json\/wp\/v2\/media?parent=514"}],"curies":[{"name":"wp","href":"https:\/\/api.w.org\/{rel}","templated":true}]}}