{"id":757,"date":"2025-10-17T15:11:05","date_gmt":"2025-10-17T15:11:05","guid":{"rendered":"https:\/\/www.osteopatiaolesa.com\/?page_id=757"},"modified":"2025-10-17T15:27:07","modified_gmt":"2025-10-17T15:27:07","slug":"alex-ferre-amoros","status":"publish","type":"page","link":"https:\/\/www.osteopatiaolesa.com\/es\/alex-ferre-amoros\/","title":{"rendered":"\u00c0lex Ferre Amor\u00f3s"},"content":{"rendered":"<p>[et_pb_section fb_built=\u00bb1&#8243; admin_label=\u00bbHero\u00bb _builder_version=\u00bb4.16&#8243; background_blend=\u00bbmultiply\u00bb custom_margin=\u00bb0px||0px|\u00bb custom_padding=\u00bb0px||0px|\u00bb animation_style=\u00bbzoom\u00bb animation_intensity_zoom=\u00bb4%\u00bb global_colors_info=\u00bb{}\u00bb][et_pb_row _builder_version=\u00bb4.16&#8243; background_size=\u00bbinitial\u00bb background_position=\u00bbtop_left\u00bb background_repeat=\u00bbrepeat\u00bb background_blend=\u00bbmultiply\u00bb custom_margin=\u00bb15px||0px|\u00bb custom_padding=\u00bb0px||0px|\u00bb animation_style=\u00bbslide\u00bb animation_direction=\u00bbtop\u00bb animation_intensity_slide=\u00bb3%\u00bb global_colors_info=\u00bb{}\u00bb][et_pb_column type=\u00bb4_4&#8243; _builder_version=\u00bb4.16&#8243; custom_padding=\u00bb|||\u00bb global_colors_info=\u00bb{}\u00bb custom_padding__hover=\u00bb|||\u00bb][et_pb_text _builder_version=\u00bb4.27.4&#8243; header_font=\u00bbMontserrat|700||on|||||dotted\u00bb header_text_color=\u00bb#bcbd00&#8243; header_font_size=\u00bb33px\u00bb header_line_height=\u00bb1.3em\u00bb background_size=\u00bbinitial\u00bb background_position=\u00bbtop_left\u00bb background_repeat=\u00bbrepeat\u00bb custom_margin=\u00bb||0px|\u00bb custom_padding=\u00bb||0px|\u00bb animation_style=\u00bbfade\u00bb header_font_size_last_edited=\u00bboff|desktop\u00bb locked=\u00bboff\u00bb global_colors_info=\u00bb{}\u00bb]<\/p>\n<h1>\u00c0lex Ferre Amor\u00f3s<\/h1>\n<p>[\/et_pb_text][et_pb_divider divider_weight=\u00bb6px\u00bb disabled_on=\u00bbon|on|off%22&#8243; _builder_version=\u00bb4.16&#8243; max_width=\u00bb10%\u00bb height=\u00bb10px\u00bb custom_margin=\u00bb0px|||\u00bb custom_padding=\u00bb0px|||\u00bb animation_style=\u00bbslide\u00bb animation_direction=\u00bbtop\u00bb animation_intensity_slide=\u00bb30%\u00bb global_colors_info=\u00bb{}\u00bb][\/et_pb_divider][\/et_pb_column][\/et_pb_row][\/et_pb_section][et_pb_section fb_built=\u00bb1&#8243; admin_label=\u00bbAbout\u00bb _builder_version=\u00bb4.16&#8243; custom_margin=\u00bb0px|||\u00bb custom_padding=\u00bb0px|0px||0px\u00bb global_colors_info=\u00bb{}\u00bb][et_pb_row column_structure=\u00bb1_2,1_2&#8243; _builder_version=\u00bb4.16&#8243; custom_margin=\u00bb|||\u00bb global_colors_info=\u00bb{}\u00bb][et_pb_column type=\u00bb1_2&#8243; _builder_version=\u00bb4.16&#8243; custom_padding=\u00bb|||\u00bb global_colors_info=\u00bb{}\u00bb custom_padding__hover=\u00bb|||\u00bb][et_pb_image src=\u00bbhttps:\/\/www.osteopatiaolesa.com\/wp-content\/uploads\/2025\/10\/Alex-Ferre-Amoros.jpg\u00bb alt=\u00bb\u00c0lex Ferre Amor\u00f3s\u00bb title_text=\u00bbA\u0300lex-Ferre-Amoro\u0301s\u00bb force_fullwidth=\u00bbon\u00bb align_tablet=\u00bbcenter\u00bb align_phone=\u00bbcenter\u00bb align_last_edited=\u00bbon|desktop\u00bb _builder_version=\u00bb4.27.4&#8243; animation_style=\u00bbfade\u00bb border_radii=\u00bbon|8px|8px|8px|8px\u00bb always_center_on_mobile=\u00bbon\u00bb global_colors_info=\u00bb{}\u00bb][\/et_pb_image][\/et_pb_column][et_pb_column type=\u00bb1_2&#8243; _builder_version=\u00bb4.16&#8243; custom_padding=\u00bb|||\u00bb global_colors_info=\u00bb{}\u00bb custom_padding__hover=\u00bb|||\u00bb][et_pb_text _builder_version=\u00bb4.16&#8243; text_font=\u00bb|300|||||||\u00bb global_colors_info=\u00bb{}\u00bb]<\/p>\n<h2>Curr\u00edculum Vitae<\/h2>\n<p>Graduado en Fisioterapia: Grado en Fisioterapia en la Fundaci\u00f3n Universitaria del Bages (FUB-UManresa), escuela 2014-2018<\/p>\n<p>Fisioterapeuta en Osteolesa desde 2024<\/p>\n<ul>\n<li>Diagn\u00f3stico y razonamiento cl\u00ednico en fisioterapia, El s\u00edndrome femoropatelar,<\/li>\n<li>Razonamiento cl\u00ednico en patolog\u00eda de hombro.<\/li>\n<li>Fisioterapeuta F\u00fatbol Sala Olesa y Olesa CF 2017-2018<\/li>\n<li>Fisioterapeuta del equipo de rugby Oxford Harlequins RFC y del club de f\u00fatbol sala City Lions de Oxford 2019-2022<\/li>\n<li>Fisioterapeuta en Acute General Medicine en el Hospital John Radcliffe de Oxford<br \/>(AGM Therapy Team) 2019-2021<\/li>\n<li>Fisioterapeuta en el Oxford Health NHS Foundation Trust 2021-2024<\/li>\n<\/ul>\n<p class=\"p1\">\n<p>[\/et_pb_text][et_pb_button button_url=\u00bb@ET-DC@eyJkeW5hbWljIjp0cnVlLCJjb250ZW50IjoicG9zdF9saW5rX3VybF9wYWdlIiwic2V0dGluZ3MiOnsicG9zdF9pZCI6IjQ5OCJ9fQ==@\u00bb button_text=\u00bbVolver\u00bb button_alignment=\u00bbleft\u00bb _builder_version=\u00bb4.27.4&#8243; custom_button=\u00bbon\u00bb button_text_color=\u00bb#bcbd00&#8243; button_border_width=\u00bb2px\u00bb button_border_color=\u00bb#bcbd00&#8243; button_border_radius=\u00bb100px\u00bb button_font=\u00bbPoppins|600||on|||||\u00bb button_use_icon=\u00bboff\u00bb background_layout=\u00bbdark\u00bb custom_margin=\u00bb|||\u00bb custom_padding=\u00bb12px|36px|12px|36px\u00bb hover_enabled=\u00bb0&#8243; saved_tabs=\u00bball\u00bb global_colors_info=\u00bb{}\u00bb button_text_size__hover_enabled=\u00bboff\u00bb button_one_text_size__hover_enabled=\u00bboff\u00bb button_two_text_size__hover_enabled=\u00bboff\u00bb button_text_color__hover_enabled=\u00bboff\u00bb button_one_text_color__hover_enabled=\u00bboff\u00bb button_two_text_color__hover_enabled=\u00bboff\u00bb button_border_width__hover_enabled=\u00bboff\u00bb button_one_border_width__hover_enabled=\u00bboff\u00bb button_two_border_width__hover_enabled=\u00bboff\u00bb button_border_color__hover_enabled=\u00bboff\u00bb button_one_border_color__hover_enabled=\u00bboff\u00bb button_two_border_color__hover_enabled=\u00bboff\u00bb button_border_radius__hover_enabled=\u00bboff\u00bb button_one_border_radius__hover_enabled=\u00bboff\u00bb button_two_border_radius__hover_enabled=\u00bboff\u00bb button_letter_spacing__hover_enabled=\u00bboff\u00bb button_one_letter_spacing__hover_enabled=\u00bboff\u00bb button_two_letter_spacing__hover_enabled=\u00bboff\u00bb button_bg_color__hover_enabled=\u00bboff\u00bb button_one_bg_color__hover_enabled=\u00bboff\u00bb button_two_bg_color__hover_enabled=\u00bboff\u00bb _dynamic_attributes=\u00bbbutton_url\u00bb sticky_enabled=\u00bb0&#8243;][\/et_pb_button][\/et_pb_column][\/et_pb_row][\/et_pb_section]<\/p>\n","protected":false},"excerpt":{"rendered":"<p>\u00c0lex Ferre Amor\u00f3sCurr\u00edculum Vitae Graduado en Fisioterapia: Grado en Fisioterapia en la Fundaci\u00f3n Universitaria del Bages (FUB-UManresa), escuela 2014-2018 Fisioterapeuta en Osteolesa desde 2024 Diagn\u00f3stico y razonamiento cl\u00ednico en fisioterapia, El s\u00edndrome femoropatelar, Razonamiento cl\u00ednico en patolog\u00eda de hombro. Fisioterapeuta F\u00fatbol Sala Olesa y Olesa CF 2017-2018 Fisioterapeuta del equipo de rugby Oxford Harlequins RFC [&hellip;]<\/p>\n","protected":false},"author":1,"featured_media":0,"parent":0,"menu_order":0,"comment_status":"closed","ping_status":"closed","template":"","meta":{"_et_pb_use_builder":"on","_et_pb_old_content":"","_et_gb_content_width":""},"_links":{"self":[{"href":"https:\/\/www.osteopatiaolesa.com\/es\/wp-json\/wp\/v2\/pages\/757"}],"collection":[{"href":"https:\/\/www.osteopatiaolesa.com\/es\/wp-json\/wp\/v2\/pages"}],"about":[{"href":"https:\/\/www.osteopatiaolesa.com\/es\/wp-json\/wp\/v2\/types\/page"}],"author":[{"embeddable":true,"href":"https:\/\/www.osteopatiaolesa.com\/es\/wp-json\/wp\/v2\/users\/1"}],"replies":[{"embeddable":true,"href":"https:\/\/www.osteopatiaolesa.com\/es\/wp-json\/wp\/v2\/comments?post=757"}],"version-history":[{"count":8,"href":"https:\/\/www.osteopatiaolesa.com\/es\/wp-json\/wp\/v2\/pages\/757\/revisions"}],"predecessor-version":[{"id":777,"href":"https:\/\/www.osteopatiaolesa.com\/es\/wp-json\/wp\/v2\/pages\/757\/revisions\/777"}],"wp:attachment":[{"href":"https:\/\/www.osteopatiaolesa.com\/es\/wp-json\/wp\/v2\/media?parent=757"}],"curies":[{"name":"wp","href":"https:\/\/api.w.org\/{rel}","templated":true}]}}